{"id":3304,"date":"2014-12-02T19:22:21","date_gmt":"2014-12-02T22:22:21","guid":{"rendered":"http:\/\/themes.goodlayers.com\/thekeynote\/?page_id=3304"},"modified":"2023-05-22T10:54:26","modified_gmt":"2023-05-22T13:54:26","slug":"homepage","status":"publish","type":"page","link":"https:\/\/www.cigre.cl\/seminario-electrico\/","title":{"rendered":"INICIO"},"content":{"rendered":"<p>[vc_row full_width=&#8221;stretch_row&#8221; css_animation=&#8221;fadeIn&#8221; css=&#8221;.vc_custom_1652550597618{margin-top: -70px !important;}&#8221;][vc_column][vc_single_image image=&#8221;6708&#8243; img_size=&#8221;full&#8221; alignment=&#8221;center&#8221; css=&#8221;.vc_custom_1650918552958{margin-bottom: 0px !important;}&#8221;][vc_empty_space height=&#8221;10px&#8221;][vc_custom_heading text=&#8221;SEMINARIO FINALIZADO &#8211; PARA MANTENERTE ACTUALIZADO VISITA CIGRE.CL&#8221; font_container=&#8221;tag:h1|text_align:center|color:%23ffffff&#8221; use_theme_fonts=&#8221;yes&#8221; link=&#8221;url:https%3A%2F%2Fwww.cigre.cl%2F&#8221; css=&#8221;.vc_custom_1684763664481{padding-top: 2% !important;padding-bottom: 2% !important;background-color: #0a634c !important;}&#8221;][vc_custom_heading text=&#8221;Chile contin\u00faa creciendo en los rumbo a una matriz energ\u00e9tica renovable, incrementando la capacidad instalada y estableciendo nuevas metas a futuro. Pero junto con ello tambi\u00e9n se est\u00e1n impulsando y desarrollando una serie de nuevas tecnolog\u00edas, ganando espacio, creando mercado, tanto a nivel de las grandes redes de transmisi\u00f3n, como tambi\u00e9n en el segmento de distribuci\u00f3n y cliente final. Proyectos de Hidr\u00f3geno Verde contin\u00faan avanzando con el apoyo del gobierno y de las empresas, teniendo en mente todo su potencial para convertirnos en el productor m\u00e1s barato de a nivel mundial, as\u00ed como la reducci\u00f3n de gases de efecto invernadero y contribuir positivamente en la lucha del Cambio Clim\u00e1tico.&#8221; font_container=&#8221;tag:h4|text_align:justify|color:%235b5b5b&#8221; use_theme_fonts=&#8221;yes&#8221;][\/vc_column][\/vc_row][vc_row css=&#8221;.vc_custom_1623342364925{margin-top: 5% !important;}&#8221;][vc_column width=&#8221;1\/3&#8243;][vc_single_image image=&#8221;6716&#8243; img_size=&#8221;full&#8221; alignment=&#8221;center&#8221; onclick=&#8221;custom_link&#8221; link=&#8221;https:\/\/www.cigre.cl\/seminario-electrico\/?page_id=5308&#8243;][\/vc_column][vc_column width=&#8221;1\/3&#8243;][vc_single_image image=&#8221;6717&#8243; img_size=&#8221;full&#8221; alignment=&#8221;center&#8221; onclick=&#8221;custom_link&#8221; link=&#8221;https:\/\/www.cigre.cl\/seminario-electrico\/?page_id=5856&#8243;][\/vc_column][vc_column width=&#8221;1\/3&#8243;][vc_single_image image=&#8221;6718&#8243; img_size=&#8221;full&#8221; alignment=&#8221;center&#8221; onclick=&#8221;custom_link&#8221; link=&#8221;https:\/\/www.cigre.cl\/seminario-electrico\/?page_id=5323&#8243;][\/vc_column][\/vc_row][vc_row full_width=&#8221;stretch_row_content&#8221; css=&#8221;.vc_custom_1623342231678{background-image: url(https:\/\/www.cigre.cl\/seminario-electrico\/wp-content\/uploads\/2020\/09\/santiago.png?id=6002) !important;}&#8221;][vc_column][vc_empty_space][vc_custom_heading text=&#8221;Santiago \u2013 Chile , 17 y 18 de mayo de 2022&#8243; font_container=&#8221;tag:h4|text_align:center|color:%23ffffff&#8221; use_theme_fonts=&#8221;yes&#8221;][vc_empty_space][vc_custom_heading text=&#8221;TRANSMISI\u00d3N V\u00cdA ZOOM&#8221; font_container=&#8221;tag:h4|font_size:40PX|text_align:center|color:%23ffffff&#8221; use_theme_fonts=&#8221;yes&#8221;][vc_empty_space][\/vc_column][\/vc_row][vc_row el_id=&#8221;empresas&#8221;][vc_column][vc_row_inner][vc_column_inner width=&#8221;1\/3&#8243;][vc_column_text]    <div class=\"wrapper\">\r\n                <p class=\"jw_easy_slider_name\">ORGANIZADOR<\/p>\r\n                 <div class=\"jcarousel-wrapper\" id=\"dDi5NP\">\r\n            <div class=\"jcarousel\">\r\n                <ul>\r\n                                    <li>\r\n\t\t\t\t\t\t <style>\r\n                        \t.easy-logo_image {height:150px !important}\r\n                         <\/style>\r\n\r\n                                                <a href=\"http:\/\/www.cigre.cl\" target=\"_blank\" title=\"CIGRE\"><img src='https:\/\/www.cigre.cl\/seminario-electrico\/wp-content\/uploads\/easy_logo_slider\/790728logo-cigre-chile.png' class=\"easy-logo_image\" alt=\"\" title=\"CIGRE\" \/>\r\n                         <\/a>\r\n                       \r\n                                                <a href=\"http:\/\/www.cigre.cl\" target=\"_blank\" title=\"CIGRE\">\r\n                          <h3><\/h3>\r\n                         <\/a>\r\n                       \r\n                                                  \r\n                    <\/li>\r\n                                    <\/ul>\r\n            <\/div>\r\n            <a href=\"#\" class=\"jcarousel-control-prev\" title=\"Previous\">&lsaquo;<\/a>\r\n\r\n            <a href=\"#\" class=\"jcarousel-control-next\" title=\"Next\">&rsaquo;<\/a>\r\n\r\n            <p class=\"jcarousel-pagination\"><\/p>\r\n\r\n        <\/div>\r\n        <script type='text\/javascript'>create_jcarousel('dDi5NP');<\/script>\r\n    <\/div>\r\n  [\/vc_column_text][\/vc_column_inner][vc_column_inner width=&#8221;1\/3&#8243;][vc_column_text]    <div class=\"wrapper\">\r\n                <p class=\"jw_easy_slider_name\">CO ORGANIZA - PRODUCE<\/p>\r\n                 <div class=\"jcarousel-wrapper\" id=\"z8piCp\">\r\n            <div class=\"jcarousel\">\r\n                <ul>\r\n                                    <li>\r\n\t\t\t\t\t\t <style>\r\n                        \t.easy-logo_image {height:150px !important}\r\n                         <\/style>\r\n\r\n                                                <a href=\"http:\/\/www.workingroup.cl\/\" target=\"_blank\" title=\"WKG\"><img src='https:\/\/www.cigre.cl\/seminario-electrico\/wp-content\/uploads\/easy_logo_slider\/617903logowkg.png' class=\"easy-logo_image\" alt=\"\" title=\"WKG\" \/>\r\n                         <\/a>\r\n                       \r\n                                                <a href=\"http:\/\/www.workingroup.cl\/\" target=\"_blank\" title=\"WKG\">\r\n                          <h3><\/h3>\r\n                         <\/a>\r\n                       \r\n                                                  \r\n                    <\/li>\r\n                                    <\/ul>\r\n            <\/div>\r\n            <a href=\"#\" class=\"jcarousel-control-prev\" title=\"Previous\">&lsaquo;<\/a>\r\n\r\n            <a href=\"#\" class=\"jcarousel-control-next\" title=\"Next\">&rsaquo;<\/a>\r\n\r\n            <p class=\"jcarousel-pagination\"><\/p>\r\n\r\n        <\/div>\r\n        <script type='text\/javascript'>create_jcarousel('z8piCp');<\/script>\r\n    <\/div>\r\n  [\/vc_column_text][\/vc_column_inner][\/vc_row_inner][vc_column_text]AUSPICIADORES<\/p>\n<p>\t\t\t\t<style>\t\t\t\n\t\t\t#wpls-logo-showcase-slider-1 .wpls-fix-box,\n\t\t\t#wpls-logo-showcase-slider-1 .wpls-fix-box img.wp-post-image{max-height:250px; }\n\t\t<\/style>\n\t\t<div class=\"wpls-logo-showcase-slider-wrp wpls-logo-clearfix \" data-conf=\"{&quot;slides_column&quot;:4,&quot;slides_scroll&quot;:1,&quot;dots&quot;:&quot;true&quot;,&quot;arrows&quot;:&quot;true&quot;,&quot;autoplay&quot;:&quot;true&quot;,&quot;autoplay_interval&quot;:2000,&quot;loop&quot;:&quot;true&quot;,&quot;rtl&quot;:&quot;false&quot;,&quot;speed&quot;:1000,&quot;center_mode&quot;:&quot;false&quot;,&quot;lazyload&quot;:&quot;&quot;}\">\n\t\t\t<div class=\"wpls-logo-showcase logo_showcase wpls-logo-slider  wpls-design-1  sliderimage_hide_border \" id=\"wpls-logo-showcase-slider-1\" >\n\t\t\t\t\n<div class=\"wpls-logo-cnt\">\n\t<div class=\"wpls-fix-box\">\n\t\t\t\t\t<a href=\"https:\/\/www.jorpa-ingenieria.com\/\" target=\"_self\">\n\t\t\t\t<img class=\"wp-post-image\"  src=\"https:\/\/www.cigre.cl\/seminario-electrico\/wp-content\/uploads\/2020\/11\/jorpa.jpg\" title=\"jorpa\" alt=\"\" \/>\n\t\t\t<\/a>\n\t\t\t<\/div>\n\t<\/div>\n<div class=\"wpls-logo-cnt\">\n\t<div class=\"wpls-fix-box\">\n\t\t\t\t\t<a href=\"http:\/\/www.gruposaesa.cl\/saesa\/\" target=\"_self\">\n\t\t\t\t<img class=\"wp-post-image\"  src=\"https:\/\/www.cigre.cl\/seminario-electrico\/wp-content\/uploads\/2020\/11\/SAESA-1.png\" title=\"SAESA\" alt=\"\" \/>\n\t\t\t<\/a>\n\t\t\t<\/div>\n\t<\/div>\n<div class=\"wpls-logo-cnt\">\n\t<div class=\"wpls-fix-box\">\n\t\t\t\t\t<a href=\"http:\/\/www.interchilesa.com\/\" target=\"_self\">\n\t\t\t\t<img class=\"wp-post-image\"  src=\"https:\/\/www.cigre.cl\/seminario-electrico\/wp-content\/uploads\/2020\/11\/ISA.png\" title=\"ISA\" alt=\"\" \/>\n\t\t\t<\/a>\n\t\t\t<\/div>\n\t<\/div>\n<div class=\"wpls-logo-cnt\">\n\t<div class=\"wpls-fix-box\">\n\t\t\t\t\t<a href=\"https:\/\/www.smartwires.com\/\" target=\"_self\">\n\t\t\t\t<img class=\"wp-post-image\"  src=\"https:\/\/www.cigre.cl\/seminario-electrico\/wp-content\/uploads\/2020\/11\/Smartwires.png\" title=\"Smartwires\" alt=\"\" \/>\n\t\t\t<\/a>\n\t\t\t<\/div>\n\t<\/div>\n<div class=\"wpls-logo-cnt\">\n\t<div class=\"wpls-fix-box\">\n\t\t\t\t\t<img class=\"wp-post-image\"  src=\"https:\/\/www.cigre.cl\/seminario-electrico\/wp-content\/uploads\/2022\/04\/Hitachi-logo-and-slogan.png\" title=\"Hitachi\" alt=\"\" \/>\n\t\t\t<\/div>\n\t<\/div>\t\t\t<\/div>\n\t\t<\/div>\n\t\t\t\n\t\t[\/vc_column_text][vc_column_text]PATROCINADORES<\/p>\n<p>\t\t\t\t<style>\t\t\t\n\t\t\t#wpls-logo-showcase-slider-2 .wpls-fix-box,\n\t\t\t#wpls-logo-showcase-slider-2 .wpls-fix-box img.wp-post-image{max-height:250px; }\n\t\t<\/style>\n\t\t<div class=\"wpls-logo-showcase-slider-wrp wpls-logo-clearfix \" data-conf=\"{&quot;slides_column&quot;:4,&quot;slides_scroll&quot;:1,&quot;dots&quot;:&quot;true&quot;,&quot;arrows&quot;:&quot;true&quot;,&quot;autoplay&quot;:&quot;true&quot;,&quot;autoplay_interval&quot;:2000,&quot;loop&quot;:&quot;true&quot;,&quot;rtl&quot;:&quot;false&quot;,&quot;speed&quot;:1000,&quot;center_mode&quot;:&quot;false&quot;,&quot;lazyload&quot;:&quot;&quot;}\">\n\t\t\t<div class=\"wpls-logo-showcase logo_showcase wpls-logo-slider  wpls-design-1  sliderimage_hide_border \" id=\"wpls-logo-showcase-slider-2\" >\n\t\t\t\t\n<div class=\"wpls-logo-cnt\">\n\t<div class=\"wpls-fix-box\">\n\t\t\t\t\t<a href=\"http:\/\/www.acera.cl\/\" target=\"_self\">\n\t\t\t\t<img class=\"wp-post-image\"  src=\"https:\/\/www.cigre.cl\/seminario-electrico\/wp-content\/uploads\/2020\/11\/ACERA.png\" title=\"ACERA\" alt=\"\" \/>\n\t\t\t<\/a>\n\t\t\t<\/div>\n\t<\/div>\n<div class=\"wpls-logo-cnt\">\n\t<div class=\"wpls-fix-box\">\n\t\t\t\t\t<a href=\"https:\/\/www.electricas.cl\/\" target=\"_self\">\n\t\t\t\t<img class=\"wp-post-image\"  src=\"https:\/\/www.cigre.cl\/seminario-electrico\/wp-content\/uploads\/2020\/11\/empresas-electricas.png\" title=\"empresas-electricas\" alt=\"\" \/>\n\t\t\t<\/a>\n\t\t\t<\/div>\n\t<\/div>\n<div class=\"wpls-logo-cnt\">\n\t<div class=\"wpls-fix-box\">\n\t\t\t\t\t<a href=\"https:\/\/www.acesol.cl\/\" target=\"_self\">\n\t\t\t\t<img class=\"wp-post-image\"  src=\"https:\/\/www.cigre.cl\/seminario-electrico\/wp-content\/uploads\/2020\/11\/LOGO-ACESOL.png\" title=\"LOGO-ACESOL\" alt=\"\" \/>\n\t\t\t<\/a>\n\t\t\t<\/div>\n\t<\/div>\n<div class=\"wpls-logo-cnt\">\n\t<div class=\"wpls-fix-box\">\n\t\t\t\t\t<a href=\"http:\/\/generadoras.cl\/\" target=\"_self\">\n\t\t\t\t<img class=\"wp-post-image\"  src=\"https:\/\/www.cigre.cl\/seminario-electrico\/wp-content\/uploads\/2020\/11\/Logo-Generadoras.jpg\" title=\"Logo-Generadoras\" alt=\"\" \/>\n\t\t\t<\/a>\n\t\t\t<\/div>\n\t<\/div>\n<div class=\"wpls-logo-cnt\">\n\t<div class=\"wpls-fix-box\">\n\t\t\t\t\t<a href=\"https:\/\/www.agenciase.org\/\" target=\"_self\">\n\t\t\t\t<img class=\"wp-post-image\"  src=\"https:\/\/www.cigre.cl\/seminario-electrico\/wp-content\/uploads\/2021\/03\/AGENCIA-1.png\" title=\"AGENCIA\" alt=\"\" \/>\n\t\t\t<\/a>\n\t\t\t<\/div>\n\t<\/div>\n<div class=\"wpls-logo-cnt\">\n\t<div class=\"wpls-fix-box\">\n\t\t\t\t\t<a href=\"https:\/\/acenor.cl\/es_cl\/\" target=\"_self\">\n\t\t\t\t<img class=\"wp-post-image\"  src=\"https:\/\/www.cigre.cl\/seminario-electrico\/wp-content\/uploads\/2021\/11\/logo_acenor.png\" title=\"acenor\" alt=\"\" \/>\n\t\t\t<\/a>\n\t\t\t<\/div>\n\t<\/div>\n<div class=\"wpls-logo-cnt\">\n\t<div class=\"wpls-fix-box\">\n\t\t\t\t\t<a href=\"https:\/\/acen.cl\/\" target=\"_self\">\n\t\t\t\t<img class=\"wp-post-image\"  src=\"https:\/\/www.cigre.cl\/seminario-electrico\/wp-content\/uploads\/2022\/04\/logo_acen.png\" title=\"acen\" alt=\"\" \/>\n\t\t\t<\/a>\n\t\t\t<\/div>\n\t<\/div>\n<div class=\"wpls-logo-cnt\">\n\t<div class=\"wpls-fix-box\">\n\t\t\t\t\t<a href=\"https:\/\/www.transmisoras.cl\/\" target=\"_self\">\n\t\t\t\t<img class=\"wp-post-image\"  src=\"https:\/\/www.cigre.cl\/seminario-electrico\/wp-content\/uploads\/2022\/05\/transmisoras.png\" title=\"transmisoras\" alt=\"\" \/>\n\t\t\t<\/a>\n\t\t\t<\/div>\n\t<\/div>\n<div class=\"wpls-logo-cnt\">\n\t<div class=\"wpls-fix-box\">\n\t\t\t\t\t<a href=\"https:\/\/www.sec.cl\/\" target=\"_self\">\n\t\t\t\t<img class=\"wp-post-image\"  src=\"https:\/\/www.cigre.cl\/seminario-electrico\/wp-content\/uploads\/2022\/05\/SEC.png\" title=\"SEC\" alt=\"\" \/>\n\t\t\t<\/a>\n\t\t\t<\/div>\n\t<\/div>\n<div class=\"wpls-logo-cnt\">\n\t<div class=\"wpls-fix-box\">\n\t\t\t\t\t<a href=\"https:\/\/www.cne.cl\/\" target=\"_self\">\n\t\t\t\t<img class=\"wp-post-image\"  src=\"https:\/\/www.cigre.cl\/seminario-electrico\/wp-content\/uploads\/2022\/05\/LOGO-NUEVO-CNE-FINAL-2016-1.png\" title=\"CNE\" alt=\"\" \/>\n\t\t\t<\/a>\n\t\t\t<\/div>\n\t<\/div>\t\t\t<\/div>\n\t\t<\/div>\n\t\t\t\n\t\t[\/vc_column_text][\/vc_column][\/vc_row]<\/p>\n","protected":false},"excerpt":{"rendered":"<p>[vc_row full_width=&#8221;stretch_row&#8221; css_animation=&#8221;fadeIn&#8221; css=&#8221;.vc_custom_1652550597618{margin-top: -70px !important;}&#8221;][vc_column][vc_single_image image=&#8221;6708&#8243; img_size=&#8221;full&#8221; alignment=&#8221;center&#8221; css=&#8221;.vc_custom_1650918552958{margin-bottom: 0px !important;}&#8221;][vc_empty_space height=&#8221;10px&#8221;][vc_custom_heading text=&#8221;SEMINARIO FINALIZADO &#8211; PARA MANTENERTE ACTUALIZADO VISITA CIGRE.CL&#8221; font_container=&#8221;tag:h1|text_align:center|color:%23ffffff&#8221; use_theme_fonts=&#8221;yes&#8221; link=&#8221;url:https%3A%2F%2Fwww.cigre.cl%2F&#8221; css=&#8221;.vc_custom_1684763664481{padding-top: 2% !important;padding-bottom: 2% !important;background-color: #0a634c !important;}&#8221;][vc_custom_heading text=&#8221;Chile contin\u00faa creciendo en los rumbo a una matriz energ\u00e9tica renovable, incrementando la capacidad instalada y estableciendo nuevas metas a futuro. Pero junto con&#8230; <\/p>\n<div class=\"clear\"><\/div>\n<p><a href=\"https:\/\/www.cigre.cl\/seminario-electrico\/?post_type=logoshowcase&#038;p=6755\" class=\"gdlr-info-font excerpt-read-more\">Read More<\/a><\/p>\n","protected":false},"author":1,"featured_media":0,"parent":0,"menu_order":0,"comment_status":"closed","ping_status":"closed","template":"","meta":[],"_links":{"self":[{"href":"https:\/\/www.cigre.cl\/seminario-electrico\/index.php?rest_route=\/wp\/v2\/pages\/3304"}],"collection":[{"href":"https:\/\/www.cigre.cl\/seminario-electrico\/index.php?rest_route=\/wp\/v2\/pages"}],"about":[{"href":"https:\/\/www.cigre.cl\/seminario-electrico\/index.php?rest_route=\/wp\/v2\/types\/page"}],"author":[{"embeddable":true,"href":"https:\/\/www.cigre.cl\/seminario-electrico\/index.php?rest_route=\/wp\/v2\/users\/1"}],"replies":[{"embeddable":true,"href":"https:\/\/www.cigre.cl\/seminario-electrico\/index.php?rest_route=%2Fwp%2Fv2%2Fcomments&post=3304"}],"version-history":[{"count":40,"href":"https:\/\/www.cigre.cl\/seminario-electrico\/index.php?rest_route=\/wp\/v2\/pages\/3304\/revisions"}],"predecessor-version":[{"id":6763,"href":"https:\/\/www.cigre.cl\/seminario-electrico\/index.php?rest_route=\/wp\/v2\/pages\/3304\/revisions\/6763"}],"wp:attachment":[{"href":"https:\/\/www.cigre.cl\/seminario-electrico\/index.php?rest_route=%2Fwp%2Fv2%2Fmedia&parent=3304"}],"curies":[{"name":"wp","href":"https:\/\/api.w.org\/{rel}","templated":true}]}}