{"id":5856,"date":"2019-10-22T15:53:24","date_gmt":"2019-10-22T18:53:24","guid":{"rendered":"https:\/\/www.cigre.cl\/seminario-transmision\/?page_id=5856"},"modified":"2022-05-13T23:34:33","modified_gmt":"2022-05-14T02:34:33","slug":"programa-dia-1","status":"publish","type":"page","link":"https:\/\/www.cigre.cl\/seminario-electrico\/?page_id=5856","title":{"rendered":"AGENDA D\u00cdA 1"},"content":{"rendered":"<p>[vc_row][vc_column width=&#8221;2\/3&#8243;][vc_column_text]<\/p>\n<h2><b>AGENDA martes 17 de mayo 2022\u00a0<\/b><\/h2>\n<hr \/>\n<p><span style=\"font-weight: 400;\">(Video Corporativo y saludo a empresas colaboradoras)<\/span><\/p>\n<p><strong>BIENVENIDA\u00a0<\/strong><\/p>\n<p><span style=\"font-weight: 400;\">08:50 \u2013 09:00<\/span> <span style=\"font-weight: 400;\">CIGRE Chile Manuel Silva P. Secretario\u00a0<\/span><\/p>\n<p><strong>APERTURA<\/strong><\/p>\n<p><span style=\"font-weight: 400;\">09:00\u2013 09:05<\/span> <span style=\"font-weight: 400;\">CIGRE Chile<\/span><br \/>\nKatherine Hoelck T. Presidenta<br \/>\nAlfredo C\u00e1rdenas O. Coordinador Mesa de Trabajo T\u00e9cnica Seminario<\/p>\n<p><span style=\"font-weight: 400;\">09:05 \u2013 09:25<\/span> <span style=\"font-weight: 400;\">Ministerio de Energ\u00eda, Claudio Huepe M., Ministro de Energ\u00eda.<\/span><\/p>\n<p><span style=\"font-weight: 400;\">(Espacio Consultas)<\/span><\/p>\n<p><span style=\"font-weight: 400;\">09:25 \u2013 09:45<\/span> <span style=\"font-weight: 400;\">Universidad de Chile Rodrigo Moreno V., Acad\u00e9mico Departamento de Ingenier\u00eda El\u00e9ctrica<\/span><\/p>\n<hr \/>\n<h3><b>Primer Bloque<\/b> <b>Panel de Conversaci\u00f3n. T\u00edtulo: Visi\u00f3n del Sistema de Distribuci\u00f3n del Futuro (Electromovilidad, Almacenamiento, Gesti\u00f3n de Demanda, Calidad de Servicio).<\/b><\/h3>\n<p><span style=\"font-weight: 400;\">Moderador:<\/span> <span style=\"font-weight: 400;\">PRB Abogados, Francisco Brotfeld, Socio.<\/span><\/p>\n<p><span style=\"font-weight: 400;\">Integrantes del Panel<\/span><\/p>\n<p><span style=\"font-weight: 400;\">10:10 \u2013 11:20<\/span> <span style=\"font-weight: 400;\">Enel X Chile, Karla Zapata O., Gerente General\u00a0<\/span><\/p>\n<p><span style=\"font-weight: 400;\">Agencia de Sostenibilidad Energ\u00e9tica, Cristina Victoriano B., Jefa Transporte\u00a0<\/span><\/p>\n<p><span style=\"font-weight: 400;\">ACEN, Sebastian Novoa, Presidente\u00a0<\/span><\/p>\n<p><span style=\"font-weight: 400;\">Copec Voltex ,Francisco Larrondo D., Gerente General\u00a0<\/span><\/p>\n<hr \/>\n<h3><b>Segundo Bloque:<\/b> <b>Bloque Presentaciones T\u00e9cnicas\/regulatorias: &#8220;Redes y cargas inteligentes para el futuro Sistema El\u00e9ctrico&#8221;\u00a0<\/b><\/h3>\n<p style=\"font-weight: 400;\">Moderador:\u00a0Consultora IESD, Ximena Oviedo C, Socia Directora<\/p>\n<p style=\"font-weight: 400;\">11:30 \u2013 11:45\u00a0Enel X Way, Jean Paul Zalaquet, Head of e-mobility Latin America<\/p>\n<p style=\"font-weight: 400;\">11:45 \u2013 12:00\u00a0Suncast, Constanza Levic\u00e1n T., fundadora y CEO<\/p>\n<p style=\"font-weight: 400;\">12:00\u2013 12:15\u00a0Data Analytics en EY, Jaime Caiceo D., Socio Director<\/p>\n<p style=\"font-weight: 400;\">12:15 \u2013 12:30\u00a0E-fern, Marco Peirano O., Gerente de Mercados El\u00e9ctricos<\/p>\n<p style=\"font-weight: 400;\">12:30 \u2013 12:45 Consultora, Katherine Hoelck T., Socia Directora<\/p>\n<p style=\"font-weight: 400;\">12:45-13:00 CIGRE Chile, Eduardo Morales C., L\u00edder de WG Smart Grid Seguro CIGRE y Acad\u00e9mico U. De Chile<\/p>\n<p style=\"font-weight: 400;\">13:00 \u2013 13:45\u00a0Consultas y An\u00e1lisis<\/p>\n<p style=\"font-weight: 400;\"><strong>13:45 CIERRE PRIMER D\u00cdA.<\/strong><\/p>\n<p>Agradecimiento a empresas e instituciones colaboradoras<br \/>\nKatherine Hoelck T. Presidenta<br \/>\nAlfredo C\u00e1rdenas O. Coordinador Mesa de Trabajo T\u00e9cnica Seminario[\/vc_column_text][vc_custom_heading text=&#8221;NOTA: LA AGENDA PUEDE SUFRIR MODIFICACIONES&#8221; font_container=&#8221;tag:h3|text_align:center|color:%23ffffff&#8221; use_theme_fonts=&#8221;yes&#8221; css=&#8221;.vc_custom_1623347597464{margin-top: 0px !important;padding-top: 2% !important;padding-bottom: 2% !important;background-color: #99d15e !important;}&#8221;][\/vc_column][vc_column width=&#8221;1\/3&#8243;][vc_wp_custommenu nav_menu=&#8221;72&#8243;][\/vc_column][\/vc_row][vc_row full_width=&#8221;stretch_row_content_no_spaces&#8221; css=&#8221;.vc_custom_1623358475102{margin-top: 3% !important;}&#8221;][vc_column][vc_separator color=&#8221;green&#8221; border_width=&#8221;3&#8243;][\/vc_column][\/vc_row][vc_row el_id=&#8221;empresas&#8221; css=&#8221;.vc_custom_1623358464856{margin-top: 5% !important;}&#8221;][vc_column][vc_row_inner][vc_column_inner width=&#8221;1\/3&#8243;][vc_column_text]    <div class=\"wrapper\">\r\n                <p class=\"jw_easy_slider_name\">ORGANIZADOR<\/p>\r\n                 <div class=\"jcarousel-wrapper\" id=\"QQrh9S\">\r\n            <div class=\"jcarousel\">\r\n                <ul>\r\n                                    <li>\r\n\t\t\t\t\t\t <style>\r\n                        \t.easy-logo_image {height:150px !important}\r\n                         <\/style>\r\n\r\n                                                <a href=\"http:\/\/www.cigre.cl\" target=\"_blank\" title=\"CIGRE\"><img src='https:\/\/www.cigre.cl\/seminario-electrico\/wp-content\/uploads\/easy_logo_slider\/790728logo-cigre-chile.png' class=\"easy-logo_image\" alt=\"\" title=\"CIGRE\" \/>\r\n                         <\/a>\r\n                       \r\n                                                <a href=\"http:\/\/www.cigre.cl\" target=\"_blank\" title=\"CIGRE\">\r\n                          <h3><\/h3>\r\n                         <\/a>\r\n                       \r\n                                                  \r\n                    <\/li>\r\n                                    <\/ul>\r\n            <\/div>\r\n            <a href=\"#\" class=\"jcarousel-control-prev\" title=\"Previous\">&lsaquo;<\/a>\r\n\r\n            <a href=\"#\" class=\"jcarousel-control-next\" title=\"Next\">&rsaquo;<\/a>\r\n\r\n            <p class=\"jcarousel-pagination\"><\/p>\r\n\r\n        <\/div>\r\n        <script type='text\/javascript'>create_jcarousel('QQrh9S');<\/script>\r\n    <\/div>\r\n  [\/vc_column_text][\/vc_column_inner][vc_column_inner width=&#8221;1\/3&#8243;][vc_column_text]    <div class=\"wrapper\">\r\n                <p class=\"jw_easy_slider_name\">CO ORGANIZA - PRODUCE<\/p>\r\n                 <div class=\"jcarousel-wrapper\" id=\"SXvC5X\">\r\n            <div class=\"jcarousel\">\r\n                <ul>\r\n                                    <li>\r\n\t\t\t\t\t\t <style>\r\n                        \t.easy-logo_image {height:150px !important}\r\n                         <\/style>\r\n\r\n                                                <a href=\"http:\/\/www.workingroup.cl\/\" target=\"_blank\" title=\"WKG\"><img src='https:\/\/www.cigre.cl\/seminario-electrico\/wp-content\/uploads\/easy_logo_slider\/617903logowkg.png' class=\"easy-logo_image\" alt=\"\" title=\"WKG\" \/>\r\n                         <\/a>\r\n                       \r\n                                                <a href=\"http:\/\/www.workingroup.cl\/\" target=\"_blank\" title=\"WKG\">\r\n                          <h3><\/h3>\r\n                         <\/a>\r\n                       \r\n                                                  \r\n                    <\/li>\r\n                                    <\/ul>\r\n            <\/div>\r\n            <a href=\"#\" class=\"jcarousel-control-prev\" title=\"Previous\">&lsaquo;<\/a>\r\n\r\n            <a href=\"#\" class=\"jcarousel-control-next\" title=\"Next\">&rsaquo;<\/a>\r\n\r\n            <p class=\"jcarousel-pagination\"><\/p>\r\n\r\n        <\/div>\r\n        <script type='text\/javascript'>create_jcarousel('SXvC5X');<\/script>\r\n    <\/div>\r\n  [\/vc_column_text][\/vc_column_inner][\/vc_row_inner][vc_column_text]AUSPICIADORES<\/p>\n<p>\t\t\t\t<style>\t\t\t\n\t\t\t#wpls-logo-showcase-slider-1 .wpls-fix-box,\n\t\t\t#wpls-logo-showcase-slider-1 .wpls-fix-box img.wp-post-image{max-height:250px; }\n\t\t<\/style>\n\t\t<div class=\"wpls-logo-showcase-slider-wrp wpls-logo-clearfix \" data-conf=\"{&quot;slides_column&quot;:4,&quot;slides_scroll&quot;:1,&quot;dots&quot;:&quot;true&quot;,&quot;arrows&quot;:&quot;true&quot;,&quot;autoplay&quot;:&quot;true&quot;,&quot;autoplay_interval&quot;:2000,&quot;loop&quot;:&quot;true&quot;,&quot;rtl&quot;:&quot;false&quot;,&quot;speed&quot;:1000,&quot;center_mode&quot;:&quot;false&quot;,&quot;lazyload&quot;:&quot;&quot;}\">\n\t\t\t<div class=\"wpls-logo-showcase logo_showcase wpls-logo-slider  wpls-design-1  sliderimage_hide_border \" id=\"wpls-logo-showcase-slider-1\" >\n\t\t\t\t\n<div class=\"wpls-logo-cnt\">\n\t<div class=\"wpls-fix-box\">\n\t\t\t\t\t<a href=\"https:\/\/www.jorpa-ingenieria.com\/\" target=\"_self\">\n\t\t\t\t<img class=\"wp-post-image\"  src=\"https:\/\/www.cigre.cl\/seminario-electrico\/wp-content\/uploads\/2020\/11\/jorpa.jpg\" title=\"jorpa\" alt=\"\" \/>\n\t\t\t<\/a>\n\t\t\t<\/div>\n\t<\/div>\n<div class=\"wpls-logo-cnt\">\n\t<div class=\"wpls-fix-box\">\n\t\t\t\t\t<a href=\"http:\/\/www.gruposaesa.cl\/saesa\/\" target=\"_self\">\n\t\t\t\t<img class=\"wp-post-image\"  src=\"https:\/\/www.cigre.cl\/seminario-electrico\/wp-content\/uploads\/2020\/11\/SAESA-1.png\" title=\"SAESA\" alt=\"\" \/>\n\t\t\t<\/a>\n\t\t\t<\/div>\n\t<\/div>\n<div class=\"wpls-logo-cnt\">\n\t<div class=\"wpls-fix-box\">\n\t\t\t\t\t<a href=\"http:\/\/www.interchilesa.com\/\" target=\"_self\">\n\t\t\t\t<img class=\"wp-post-image\"  src=\"https:\/\/www.cigre.cl\/seminario-electrico\/wp-content\/uploads\/2020\/11\/ISA.png\" title=\"ISA\" alt=\"\" \/>\n\t\t\t<\/a>\n\t\t\t<\/div>\n\t<\/div>\n<div class=\"wpls-logo-cnt\">\n\t<div class=\"wpls-fix-box\">\n\t\t\t\t\t<a href=\"https:\/\/www.smartwires.com\/\" target=\"_self\">\n\t\t\t\t<img class=\"wp-post-image\"  src=\"https:\/\/www.cigre.cl\/seminario-electrico\/wp-content\/uploads\/2020\/11\/Smartwires.png\" title=\"Smartwires\" alt=\"\" \/>\n\t\t\t<\/a>\n\t\t\t<\/div>\n\t<\/div>\n<div class=\"wpls-logo-cnt\">\n\t<div class=\"wpls-fix-box\">\n\t\t\t\t\t<img class=\"wp-post-image\"  src=\"https:\/\/www.cigre.cl\/seminario-electrico\/wp-content\/uploads\/2022\/04\/Hitachi-logo-and-slogan.png\" title=\"Hitachi\" alt=\"\" \/>\n\t\t\t<\/div>\n\t<\/div>\t\t\t<\/div>\n\t\t<\/div>\n\t\t\t\n\t\t[\/vc_column_text][vc_column_text]PATROCINADORES<\/p>\n<p>\t\t\t\t<style>\t\t\t\n\t\t\t#wpls-logo-showcase-slider-2 .wpls-fix-box,\n\t\t\t#wpls-logo-showcase-slider-2 .wpls-fix-box img.wp-post-image{max-height:250px; }\n\t\t<\/style>\n\t\t<div class=\"wpls-logo-showcase-slider-wrp wpls-logo-clearfix \" data-conf=\"{&quot;slides_column&quot;:4,&quot;slides_scroll&quot;:1,&quot;dots&quot;:&quot;true&quot;,&quot;arrows&quot;:&quot;true&quot;,&quot;autoplay&quot;:&quot;true&quot;,&quot;autoplay_interval&quot;:2000,&quot;loop&quot;:&quot;true&quot;,&quot;rtl&quot;:&quot;false&quot;,&quot;speed&quot;:1000,&quot;center_mode&quot;:&quot;false&quot;,&quot;lazyload&quot;:&quot;&quot;}\">\n\t\t\t<div class=\"wpls-logo-showcase logo_showcase wpls-logo-slider  wpls-design-1  sliderimage_hide_border \" id=\"wpls-logo-showcase-slider-2\" >\n\t\t\t\t\n<div class=\"wpls-logo-cnt\">\n\t<div class=\"wpls-fix-box\">\n\t\t\t\t\t<a href=\"http:\/\/www.acera.cl\/\" target=\"_self\">\n\t\t\t\t<img class=\"wp-post-image\"  src=\"https:\/\/www.cigre.cl\/seminario-electrico\/wp-content\/uploads\/2020\/11\/ACERA.png\" title=\"ACERA\" alt=\"\" \/>\n\t\t\t<\/a>\n\t\t\t<\/div>\n\t<\/div>\n<div class=\"wpls-logo-cnt\">\n\t<div class=\"wpls-fix-box\">\n\t\t\t\t\t<a href=\"https:\/\/www.electricas.cl\/\" target=\"_self\">\n\t\t\t\t<img class=\"wp-post-image\"  src=\"https:\/\/www.cigre.cl\/seminario-electrico\/wp-content\/uploads\/2020\/11\/empresas-electricas.png\" title=\"empresas-electricas\" alt=\"\" \/>\n\t\t\t<\/a>\n\t\t\t<\/div>\n\t<\/div>\n<div class=\"wpls-logo-cnt\">\n\t<div class=\"wpls-fix-box\">\n\t\t\t\t\t<a href=\"https:\/\/www.acesol.cl\/\" target=\"_self\">\n\t\t\t\t<img class=\"wp-post-image\"  src=\"https:\/\/www.cigre.cl\/seminario-electrico\/wp-content\/uploads\/2020\/11\/LOGO-ACESOL.png\" title=\"LOGO-ACESOL\" alt=\"\" \/>\n\t\t\t<\/a>\n\t\t\t<\/div>\n\t<\/div>\n<div class=\"wpls-logo-cnt\">\n\t<div class=\"wpls-fix-box\">\n\t\t\t\t\t<a href=\"http:\/\/generadoras.cl\/\" target=\"_self\">\n\t\t\t\t<img class=\"wp-post-image\"  src=\"https:\/\/www.cigre.cl\/seminario-electrico\/wp-content\/uploads\/2020\/11\/Logo-Generadoras.jpg\" title=\"Logo-Generadoras\" alt=\"\" \/>\n\t\t\t<\/a>\n\t\t\t<\/div>\n\t<\/div>\n<div class=\"wpls-logo-cnt\">\n\t<div class=\"wpls-fix-box\">\n\t\t\t\t\t<a href=\"https:\/\/www.agenciase.org\/\" target=\"_self\">\n\t\t\t\t<img class=\"wp-post-image\"  src=\"https:\/\/www.cigre.cl\/seminario-electrico\/wp-content\/uploads\/2021\/03\/AGENCIA-1.png\" title=\"AGENCIA\" alt=\"\" \/>\n\t\t\t<\/a>\n\t\t\t<\/div>\n\t<\/div>\n<div class=\"wpls-logo-cnt\">\n\t<div class=\"wpls-fix-box\">\n\t\t\t\t\t<a href=\"https:\/\/acenor.cl\/es_cl\/\" target=\"_self\">\n\t\t\t\t<img class=\"wp-post-image\"  src=\"https:\/\/www.cigre.cl\/seminario-electrico\/wp-content\/uploads\/2021\/11\/logo_acenor.png\" title=\"acenor\" alt=\"\" \/>\n\t\t\t<\/a>\n\t\t\t<\/div>\n\t<\/div>\n<div class=\"wpls-logo-cnt\">\n\t<div class=\"wpls-fix-box\">\n\t\t\t\t\t<a href=\"https:\/\/acen.cl\/\" target=\"_self\">\n\t\t\t\t<img class=\"wp-post-image\"  src=\"https:\/\/www.cigre.cl\/seminario-electrico\/wp-content\/uploads\/2022\/04\/logo_acen.png\" title=\"acen\" alt=\"\" \/>\n\t\t\t<\/a>\n\t\t\t<\/div>\n\t<\/div>\n<div class=\"wpls-logo-cnt\">\n\t<div class=\"wpls-fix-box\">\n\t\t\t\t\t<a href=\"https:\/\/www.transmisoras.cl\/\" target=\"_self\">\n\t\t\t\t<img class=\"wp-post-image\"  src=\"https:\/\/www.cigre.cl\/seminario-electrico\/wp-content\/uploads\/2022\/05\/transmisoras.png\" title=\"transmisoras\" alt=\"\" \/>\n\t\t\t<\/a>\n\t\t\t<\/div>\n\t<\/div>\n<div class=\"wpls-logo-cnt\">\n\t<div class=\"wpls-fix-box\">\n\t\t\t\t\t<a href=\"https:\/\/www.sec.cl\/\" target=\"_self\">\n\t\t\t\t<img class=\"wp-post-image\"  src=\"https:\/\/www.cigre.cl\/seminario-electrico\/wp-content\/uploads\/2022\/05\/SEC.png\" title=\"SEC\" alt=\"\" \/>\n\t\t\t<\/a>\n\t\t\t<\/div>\n\t<\/div>\n<div class=\"wpls-logo-cnt\">\n\t<div class=\"wpls-fix-box\">\n\t\t\t\t\t<a href=\"https:\/\/www.cne.cl\/\" target=\"_self\">\n\t\t\t\t<img class=\"wp-post-image\"  src=\"https:\/\/www.cigre.cl\/seminario-electrico\/wp-content\/uploads\/2022\/05\/LOGO-NUEVO-CNE-FINAL-2016-1.png\" title=\"CNE\" alt=\"\" \/>\n\t\t\t<\/a>\n\t\t\t<\/div>\n\t<\/div>\t\t\t<\/div>\n\t\t<\/div>\n\t\t\t\n\t\t[\/vc_column_text][\/vc_column][\/vc_row]<\/p>\n","protected":false},"excerpt":{"rendered":"<p>[vc_row][vc_column width=&#8221;2\/3&#8243;][vc_column_text] AGENDA martes 17 de mayo 2022\u00a0 (Video Corporativo y saludo a empresas colaboradoras) BIENVENIDA\u00a0 08:50 \u2013 09:00 CIGRE Chile Manuel Silva P. Secretario\u00a0 APERTURA 09:00\u2013 09:05 CIGRE Chile Katherine Hoelck T. Presidenta Alfredo C\u00e1rdenas O. Coordinador Mesa de Trabajo T\u00e9cnica Seminario 09:05 \u2013 09:25 Ministerio de Energ\u00eda, Claudio Huepe M., Ministro de Energ\u00eda&#8230;. <\/p>\n<div class=\"clear\"><\/div>\n<p><a href=\"https:\/\/www.cigre.cl\/seminario-electrico\/?post_type=logoshowcase&#038;p=6755\" class=\"gdlr-info-font excerpt-read-more\">Read More<\/a><\/p>\n","protected":false},"author":1,"featured_media":0,"parent":0,"menu_order":0,"comment_status":"closed","ping_status":"closed","template":"","meta":[],"_links":{"self":[{"href":"https:\/\/www.cigre.cl\/seminario-electrico\/index.php?rest_route=\/wp\/v2\/pages\/5856"}],"collection":[{"href":"https:\/\/www.cigre.cl\/seminario-electrico\/index.php?rest_route=\/wp\/v2\/pages"}],"about":[{"href":"https:\/\/www.cigre.cl\/seminario-electrico\/index.php?rest_route=\/wp\/v2\/types\/page"}],"author":[{"embeddable":true,"href":"https:\/\/www.cigre.cl\/seminario-electrico\/index.php?rest_route=\/wp\/v2\/users\/1"}],"replies":[{"embeddable":true,"href":"https:\/\/www.cigre.cl\/seminario-electrico\/index.php?rest_route=%2Fwp%2Fv2%2Fcomments&post=5856"}],"version-history":[{"count":59,"href":"https:\/\/www.cigre.cl\/seminario-electrico\/index.php?rest_route=\/wp\/v2\/pages\/5856\/revisions"}],"predecessor-version":[{"id":6743,"href":"https:\/\/www.cigre.cl\/seminario-electrico\/index.php?rest_route=\/wp\/v2\/pages\/5856\/revisions\/6743"}],"wp:attachment":[{"href":"https:\/\/www.cigre.cl\/seminario-electrico\/index.php?rest_route=%2Fwp%2Fv2%2Fmedia&parent=5856"}],"curies":[{"name":"wp","href":"https:\/\/api.w.org\/{rel}","templated":true}]}}