{"id":5817,"date":"2019-10-22T12:59:03","date_gmt":"2019-10-22T15:59:03","guid":{"rendered":"https:\/\/www.cigre.cl\/seminario-transmision\/?page_id=5817"},"modified":"2022-04-25T17:33:18","modified_gmt":"2022-04-25T20:33:18","slug":"contacto","status":"publish","type":"page","link":"https:\/\/www.cigre.cl\/seminario-transmision\/?page_id=5817","title":{"rendered":"CONTACTO"},"content":{"rendered":"<p>[vc_row][vc_column width=&#8221;2\/3&#8243;][vc_column_text]<strong>El Comit\u00e9 chileno del consejo internacional de grandes redes el\u00e9ctricas SpA. \u2013<a href=\"http:\/\/www.cigre.cl\/\">www.cigre.cl<\/a>\u2013 se ha caracterizado por organizar encuentros de alto nivel de contenido tem\u00e1tico quedando posicionada como una entidad colegiada profesional de referencia entre sus pares, as\u00ed mismo su alta convocatoria ha tenido una gran trascendencia tanto a nivel de panelistas y p\u00fablico general.\u00a0<\/strong><\/p>\n<p><strong>El objetivo de estos eventos es continuar con la misi\u00f3n de CIGRE (<a href=\"http:\/\/www.cigre.cl\/\">www.cigre.cl<\/a>\u00a0), en cuanto a establecer instancias de an\u00e1lisis, intercambio y difusi\u00f3n de materias de relevancia para el sector el\u00e9ctrico y energ\u00e9tico nacional en base al funcionamiento de nuestro mercado y las experiencias de destacados panelistas nacionales y extranjeros.<\/strong>[\/vc_column_text][vc_column_text]<\/p>\n<h5 class=\"gdlr-heading-shortcode \">Escr\u00edbanos y nos comunicaremos a la brevedad con usted.<\/h5>\n<p>[\/vc_column_text]<div role=\"form\" class=\"wpcf7\" id=\"wpcf7-f2256-o1\" lang=\"en-US\" dir=\"ltr\">\n<div class=\"screen-reader-response\"><p role=\"status\" aria-live=\"polite\" aria-atomic=\"true\"><\/p> <ul><\/ul><\/div>\n<form action=\"\/seminario-transmision\/index.php?rest_route=%2Fwp%2Fv2%2Fpages%2F5817#wpcf7-f2256-o1\" method=\"post\" class=\"wpcf7-form init\" novalidate=\"novalidate\" data-status=\"init\">\n<div style=\"display: none;\">\n<input type=\"hidden\" name=\"_wpcf7\" value=\"2256\" \/>\n<input type=\"hidden\" name=\"_wpcf7_version\" value=\"5.4.1\" \/>\n<input type=\"hidden\" name=\"_wpcf7_locale\" value=\"en_US\" \/>\n<input type=\"hidden\" name=\"_wpcf7_unit_tag\" value=\"wpcf7-f2256-o1\" \/>\n<input type=\"hidden\" name=\"_wpcf7_container_post\" value=\"0\" \/>\n<input type=\"hidden\" name=\"_wpcf7_posted_data_hash\" value=\"\" \/>\n<\/div>\n<p><span class=\"wpcf7-form-control-wrap Nombre\"><input type=\"text\" name=\"Nombre\" value=\"\" size=\"40\" class=\"wpcf7-form-control wpcf7-text wpcf7-validates-as-required\" aria-required=\"true\" aria-invalid=\"false\" placeholder=\"Nombre\" \/><\/span><\/p>\n<p><span class=\"wpcf7-form-control-wrap email\"><input type=\"email\" name=\"email\" value=\"\" size=\"40\" class=\"wpcf7-form-control wpcf7-text wpcf7-email wpcf7-validates-as-required wpcf7-validates-as-email\" aria-required=\"true\" aria-invalid=\"false\" placeholder=\"Email\" \/><\/span> <\/p>\n<p><span class=\"wpcf7-form-control-wrap fono\"><input type=\"text\" name=\"fono\" value=\"\" size=\"40\" class=\"wpcf7-form-control wpcf7-text wpcf7-validates-as-required\" aria-required=\"true\" aria-invalid=\"false\" placeholder=\"Tel\u00e9fono\" \/><\/span> <\/p>\n<p><span class=\"wpcf7-form-control-wrap textarea-232\"><textarea name=\"textarea-232\" cols=\"40\" rows=\"10\" class=\"wpcf7-form-control wpcf7-textarea wpcf7-validates-as-required\" aria-required=\"true\" aria-invalid=\"false\" placeholder=\"Su Mensaje\"><\/textarea><\/span><\/p>\n<p><input type=\"submit\" value=\"Enviar\" class=\"wpcf7-form-control wpcf7-submit\" \/><\/p>\n<div class=\"wpcf7-response-output\" aria-hidden=\"true\"><\/div><\/form><\/div>[\/vc_column][vc_column width=&#8221;1\/3&#8243;][vc_widget_sidebar sidebar_id=&#8221;sidebar-13&#8243;][\/vc_column][\/vc_row]<\/p>\n","protected":false},"excerpt":{"rendered":"<p>[vc_row][vc_column width=&#8221;2\/3&#8243;][vc_column_text]El Comit\u00e9 chileno del consejo internacional de grandes redes el\u00e9ctricas SpA. \u2013www.cigre.cl\u2013 se ha caracterizado por organizar encuentros de alto nivel de contenido tem\u00e1tico quedando posicionada como una entidad colegiada profesional de referencia entre sus pares, as\u00ed mismo su alta convocatoria ha tenido una gran trascendencia tanto a nivel de panelistas y p\u00fablico general.\u00a0&#8230; <\/p>\n<div class=\"clear\"><\/div>\n<p><a href=\"https:\/\/www.cigre.cl\/seminario-transmision\/?page_id=5817\" class=\"gdlr-info-font excerpt-read-more\">Read More<\/a><\/p>\n","protected":false},"author":1,"featured_media":0,"parent":0,"menu_order":0,"comment_status":"closed","ping_status":"closed","template":"","meta":[],"_links":{"self":[{"href":"https:\/\/www.cigre.cl\/seminario-transmision\/index.php?rest_route=\/wp\/v2\/pages\/5817"}],"collection":[{"href":"https:\/\/www.cigre.cl\/seminario-transmision\/index.php?rest_route=\/wp\/v2\/pages"}],"about":[{"href":"https:\/\/www.cigre.cl\/seminario-transmision\/index.php?rest_route=\/wp\/v2\/types\/page"}],"author":[{"embeddable":true,"href":"https:\/\/www.cigre.cl\/seminario-transmision\/index.php?rest_route=\/wp\/v2\/users\/1"}],"replies":[{"embeddable":true,"href":"https:\/\/www.cigre.cl\/seminario-transmision\/index.php?rest_route=%2Fwp%2Fv2%2Fcomments&post=5817"}],"version-history":[{"count":4,"href":"https:\/\/www.cigre.cl\/seminario-transmision\/index.php?rest_route=\/wp\/v2\/pages\/5817\/revisions"}],"predecessor-version":[{"id":6609,"href":"https:\/\/www.cigre.cl\/seminario-transmision\/index.php?rest_route=\/wp\/v2\/pages\/5817\/revisions\/6609"}],"wp:attachment":[{"href":"https:\/\/www.cigre.cl\/seminario-transmision\/index.php?rest_route=%2Fwp%2Fv2%2Fmedia&parent=5817"}],"curies":[{"name":"wp","href":"https:\/\/api.w.org\/{rel}","templated":true}]}}